{"id":37,"date":"2025-02-24T14:44:36","date_gmt":"2025-02-24T20:44:36","guid":{"rendered":"https:\/\/veteran-affairs-louisiana.local\/?page_id=37"},"modified":"2025-12-10T14:47:23","modified_gmt":"2025-12-10T20:47:23","slug":"cementerios","status":"publish","type":"page","link":"http:\/\/vetaffairs.la.gov\/es\/cemeteries","title":{"rendered":"Cementerios"},"content":{"rendered":"<div data-elementor-type=\"wp-page\" data-elementor-id=\"37\" class=\"elementor elementor-37\" data-elementor-post-type=\"page\">\n\t\t\t\t<div class=\"elementor-element elementor-element-fe67621 cemeteries-page e-flex e-con-boxed e-con e-parent\" data-id=\"fe67621\" data-element_type=\"container\">\n\t\t\t\t\t<div class=\"e-con-inner\">\n\t\t\t\t<div class=\"elementor-element elementor-element-5a59df9 elementor-widget elementor-widget-heading\" data-id=\"5a59df9\" data-element_type=\"widget\" data-widget_type=\"heading.default\">\n\t\t\t\t<div class=\"elementor-widget-container\">\n\t\t\t\t\t<span class=\"elementor-heading-title elementor-size-default\">Proporcionar un lugar de descanso final de honor<\/span>\t\t\t\t<\/div>\n\t\t\t\t<\/div>\n\t\t\t\t<div class=\"elementor-element elementor-element-31eab85 elementor-widget elementor-widget-image\" data-id=\"31eab85\" data-element_type=\"widget\" data-widget_type=\"image.default\">\n\t\t\t\t<div class=\"elementor-widget-container\">\n\t\t\t\t\t\t\t\t\t\t\t\t\t\t\t<img decoding=\"async\" width=\"213\" height=\"25\" src=\"https:\/\/vetaffairs.la.gov\/wp-content\/uploads\/2025\/03\/star-pod-horizontal-with-dashed-line.svg\" class=\"attachment-medium_large size-medium_large wp-image-5402\" alt=\"\" \/>\t\t\t\t\t\t\t\t\t\t\t\t\t\t\t<\/div>\n\t\t\t\t<\/div>\n\t\t\t\t<div class=\"elementor-element elementor-element-958ef59 intro elementor-widget elementor-widget-text-editor\" data-id=\"958ef59\" data-element_type=\"widget\" data-widget_type=\"text-editor.default\">\n\t\t\t\t<div class=\"elementor-widget-container\">\n\t\t\t\t\t\t\t\t\t<p>El Departamento de Asuntos de Veteranos de Luisiana opera cinco cementerios en todo el estado. Cada cementerio ofrece un entorno hermoso y tranquilo que los veteranos, sus c\u00f3nyuges e hijos dependientes pueden considerar su lugar de descanso final. <\/p>\t\t\t\t\t\t\t\t<\/div>\n\t\t\t\t<\/div>\n\t\t<div class=\"elementor-element elementor-element-79f008f e-grid e-con-full buttons e-con e-child\" data-id=\"79f008f\" data-element_type=\"container\">\n\t\t\t\t<div class=\"elementor-element elementor-element-e590a3d elementor-align-justify elementor-widget elementor-widget-button\" data-id=\"e590a3d\" data-element_type=\"widget\" data-widget_type=\"button.default\">\n\t\t\t\t<div class=\"elementor-widget-container\">\n\t\t\t\t\t\t\t\t\t<div class=\"elementor-button-wrapper\">\n\t\t\t\t\t<a class=\"elementor-button elementor-button-link elementor-size-sm elementor-animation-grow\" href=\"\/es\/cementerios\/cementerio-de-veteranos-del-centro-de-luisiana\/\">\n\t\t\t\t\t\t<span class=\"elementor-button-content-wrapper\">\n\t\t\t\t\t\t\t\t\t<span class=\"elementor-button-text\">Cementerio de veteranos del centro de Luisiana en Leesville<\/span>\n\t\t\t\t\t<\/span>\n\t\t\t\t\t<\/a>\n\t\t\t\t<\/div>\n\t\t\t\t\t\t\t\t<\/div>\n\t\t\t\t<\/div>\n\t\t\t\t<div class=\"elementor-element elementor-element-287315d elementor-align-justify elementor-widget elementor-widget-button\" data-id=\"287315d\" data-element_type=\"widget\" data-widget_type=\"button.default\">\n\t\t\t\t<div class=\"elementor-widget-container\">\n\t\t\t\t\t\t\t\t\t<div class=\"elementor-button-wrapper\">\n\t\t\t\t\t<a class=\"elementor-button elementor-button-link elementor-size-sm elementor-animation-grow\" href=\"\/es\/cementerios\/cementerio-de-veteranos-del-noreste-de-luisiana\/\">\n\t\t\t\t\t\t<span class=\"elementor-button-content-wrapper\">\n\t\t\t\t\t\t\t\t\t<span class=\"elementor-button-text\">Cementerio de veteranos del noreste de Luisiana en Rayville<\/span>\n\t\t\t\t\t<\/span>\n\t\t\t\t\t<\/a>\n\t\t\t\t<\/div>\n\t\t\t\t\t\t\t\t<\/div>\n\t\t\t\t<\/div>\n\t\t\t\t<div class=\"elementor-element elementor-element-837d350 elementor-align-justify elementor-widget elementor-widget-button\" data-id=\"837d350\" data-element_type=\"widget\" data-widget_type=\"button.default\">\n\t\t\t\t<div class=\"elementor-widget-container\">\n\t\t\t\t\t\t\t\t\t<div class=\"elementor-button-wrapper\">\n\t\t\t\t\t<a class=\"elementor-button elementor-button-link elementor-size-sm elementor-animation-grow\" href=\"\/es\/cementerios\/cementerio-de-veteranos-del-noroeste-de-luisiana\/\">\n\t\t\t\t\t\t<span class=\"elementor-button-content-wrapper\">\n\t\t\t\t\t\t\t\t\t<span class=\"elementor-button-text\">Cementerio de veteranos del noroeste de Luisiana en Keithville<\/span>\n\t\t\t\t\t<\/span>\n\t\t\t\t\t<\/a>\n\t\t\t\t<\/div>\n\t\t\t\t\t\t\t\t<\/div>\n\t\t\t\t<\/div>\n\t\t\t\t<div class=\"elementor-element elementor-element-d8aaae4 elementor-align-justify elementor-widget elementor-widget-button\" data-id=\"d8aaae4\" data-element_type=\"widget\" data-widget_type=\"button.default\">\n\t\t\t\t<div class=\"elementor-widget-container\">\n\t\t\t\t\t\t\t\t\t<div class=\"elementor-button-wrapper\">\n\t\t\t\t\t<a class=\"elementor-button elementor-button-link elementor-size-sm elementor-animation-grow\" href=\"\/es\/cementerios\/cementerio-de-veteranos-del-sureste-de-luisiana\/\">\n\t\t\t\t\t\t<span class=\"elementor-button-content-wrapper\">\n\t\t\t\t\t\t\t\t\t<span class=\"elementor-button-text\">Cementerio de veteranos del sureste de Luisiana en Slidell<\/span>\n\t\t\t\t\t<\/span>\n\t\t\t\t\t<\/a>\n\t\t\t\t<\/div>\n\t\t\t\t\t\t\t\t<\/div>\n\t\t\t\t<\/div>\n\t\t\t\t<\/div>\n\t\t<div class=\"elementor-element elementor-element-056efc0 e-con-full buttons e-flex e-con e-child\" data-id=\"056efc0\" data-element_type=\"container\" id=\"eligibility\">\n\t\t\t\t<div class=\"elementor-element elementor-element-53deeef elementor-align-center elementor-tablet-align-justify elementor-widget elementor-widget-button\" data-id=\"53deeef\" data-element_type=\"widget\" data-widget_type=\"button.default\">\n\t\t\t\t<div class=\"elementor-widget-container\">\n\t\t\t\t\t\t\t\t\t<div class=\"elementor-button-wrapper\">\n\t\t\t\t\t<a class=\"elementor-button elementor-button-link elementor-size-sm elementor-animation-grow\" href=\"\/es\/cementerios\/cementerio-de-veteranos-del-suroeste-de-luisiana\/\">\n\t\t\t\t\t\t<span class=\"elementor-button-content-wrapper\">\n\t\t\t\t\t\t\t\t\t<span class=\"elementor-button-text\">Cementerio de veteranos del suroeste de Luisiana en Jennings<\/span>\n\t\t\t\t\t<\/span>\n\t\t\t\t\t<\/a>\n\t\t\t\t<\/div>\n\t\t\t\t\t\t\t\t<\/div>\n\t\t\t\t<\/div>\n\t\t\t\t<\/div>\n\t\t\t\t<div class=\"elementor-element elementor-element-96d09a5 intro elementor-widget elementor-widget-text-editor\" data-id=\"96d09a5\" data-element_type=\"widget\" data-widget_type=\"text-editor.default\">\n\t\t\t\t<div class=\"elementor-widget-container\">\n\t\t\t\t\t\t\t\t\t<h2>Elegibilidad<\/h2><p>Los veteranos que sirvieron un d\u00eda de servicio activo (no servicio activo para entrenamiento) antes del 7 de septiembre de 1980 (para su alistamiento) y el 16 de octubre de 1981 (para oficiales), o dos a\u00f1os consecutivos despu\u00e9s de esas fechas, y que fueron dados de baja honorablemente, pueden ser inhumados. Los reservistas que fueron llamados al servicio activo bajo el T\u00edtulo 10 o se retiraron del ej\u00e9rcito y fueron dados de baja honorablemente, as\u00ed como cualquier veterano relacionado con el servicio militar (VA), tambi\u00e9n pueden ser inhumados.<\/p>\t\t\t\t\t\t\t\t<\/div>\n\t\t\t\t<\/div>\n\t\t\t\t<div class=\"elementor-element elementor-element-5bb6e55 intro elementor-widget elementor-widget-text-editor\" data-id=\"5bb6e55\" data-element_type=\"widget\" id=\"burial-services\" data-widget_type=\"text-editor.default\">\n\t\t\t\t<div class=\"elementor-widget-container\">\n\t\t\t\t\t\t\t\t\t<p>Adem\u00e1s, hay una <a href=\"\/es\/beneficios\/estado\/\">beneficio estatal de entierro<\/a> que dispone que un miembro del servicio de la Guardia Nacional de Luisiana o un componente de reserva de perforaci\u00f3n sea enterrado con su c\u00f3nyuge, si el miembro del servicio era residente de Luisiana al momento de su muerte y recibi\u00f3 una baja en condiciones honorables.<\/p>\t\t\t\t\t\t\t\t<\/div>\n\t\t\t\t<\/div>\n\t\t\t\t<div class=\"elementor-element elementor-element-f776e4f intro elementor-widget elementor-widget-text-editor\" data-id=\"f776e4f\" data-element_type=\"widget\" data-widget_type=\"text-editor.default\">\n\t\t\t\t<div class=\"elementor-widget-container\">\n\t\t\t\t\t\t\t\t\t<h2>Servicios funerarios<\/h2><p>Los cementerios de veteranos de Luisiana ofrecen homenajes dignos y duraderos para honrar a quienes sirvieron a nuestro pa\u00eds. Cada uno de nuestros cinco cementerios ofrece servicios compasivos y profesionales, que incluyen:<\/p><ul><li>Honores militares y\/o servicio de entierro en el momento del entierro<\/li><li>Opciones para ata\u00fades enterrados, urnas enterrada y opciones sobre el suelo para restos cremados<\/li><li>L\u00e1pidas o marcadores proporcionados por el Departamento de Asuntos de Veteranos de EE. UU.<\/li><li>Cuidado permanente del terreno sin costo para la familia<\/li><li>Asistencia personalizada de personal experimentado del cementerio<\/li><\/ul>\t\t\t\t\t\t\t\t<\/div>\n\t\t\t\t<\/div>\n\t\t\t\t<div class=\"elementor-element elementor-element-089514b intro elementor-widget elementor-widget-text-editor\" data-id=\"089514b\" data-element_type=\"widget\" data-widget_type=\"text-editor.default\">\n\t\t\t\t<div class=\"elementor-widget-container\">\n\t\t\t\t\t\t\t\t\t<h2>L\u00e1pidas y marcadores<\/h2><p>Existen diversas opciones de l\u00e1pidas y placas, y la disponibilidad var\u00eda seg\u00fan el cementerio. Nuestro personal experimentado puede asesorarle sobre las opciones disponibles. <a href=\"https:\/\/www.cem.va.gov\/hmm\/emblems.asp\" target=\"_blank\" rel=\"noopener\">Muchos emblemas de creencia disponibles<\/a> para l\u00e1pidas y marcadores, <a href=\"https:\/\/www.cem.va.gov\/hmm\/inscriptions.asp\" target=\"_blank\" rel=\"noopener\">as\u00ed como inscripciones<\/a> establecido por el VA federal.<\/p><p>Los veteranos y sus c\u00f3nyuges compartir\u00e1n la misma l\u00e1pida. En el caso de una l\u00e1pida vertical, la informaci\u00f3n del c\u00f3nyuge se incluir\u00e1 en el reverso, y en el caso de las dem\u00e1s l\u00e1pidas, se incluir\u00e1 debajo de la informaci\u00f3n del veterano.<\/p>\t\t\t\t\t\t\t\t<\/div>\n\t\t\t\t<\/div>\n\t\t\t\t<div class=\"elementor-element elementor-element-18f62ce intro elementor-widget elementor-widget-text-editor\" data-id=\"18f62ce\" data-element_type=\"widget\" data-widget_type=\"text-editor.default\">\n\t\t\t\t<div class=\"elementor-widget-container\">\n\t\t\t\t\t\t\t\t\t<h2>Tarifas de entierro<\/h2><p>No se cobra tarifa de entierro para veteranos que cumplen los requisitos. La tarifa de entierro para c\u00f3nyuges e hijos dependientes de veteranos es un cargo nominal, equivalente a la asignaci\u00f3n federal de parcela del Departamento de Asuntos de Veteranos (VA) al momento de su fallecimiento, que puede ser cubierto por un miembro del personal de nuestro cementerio.<\/p>\t\t\t\t\t\t\t\t<\/div>\n\t\t\t\t<\/div>\n\t\t\t\t<div class=\"elementor-element elementor-element-a866146 intro elementor-widget elementor-widget-text-editor\" data-id=\"a866146\" data-element_type=\"widget\" data-widget_type=\"text-editor.default\">\n\t\t\t\t<div class=\"elementor-widget-container\">\n\t\t\t\t\t\t\t\t\t<h2>Arreglos funerarios y solicitudes de cementerio<\/h2><p>Los arreglos funerarios se pueden hacer con anticipaci\u00f3n con la funeraria de su elecci\u00f3n. Los veteranos pueden completar un formulario <a href=\"\/es\/solicitud-de-entierro-anticipado\/\">solicitud de pre-necesidad<\/a> con el cementerio seleccionado para determinar si son elegibles para el entierro antes de la muerte; sin embargo, no es un requisito. <a href=\"\/es\/solicitud-de-entierro-anticipado\/\">solicitud de entierro<\/a> Puede ser completado despu\u00e9s del fallecimiento por la funeraria para entierros con ata\u00fad o por la familia o la funeraria para entierros con cremaci\u00f3n. Los veteranos tambi\u00e9n pueden completar un <a href=\"\/wp-content\/uploads\/2025\/06\/PRE-NEED-TEST.pdf\" target=\"_blank\" rel=\"noopener\">Aplicaci\u00f3n PDF rellenable<\/a> en lugar de presentar la solicitud en l\u00ednea por correo electr\u00f3nico o correo postal al cementerio elegido.<\/p>\t\t\t\t\t\t\t\t<\/div>\n\t\t\t\t<\/div>\n\t\t\t\t<div class=\"elementor-element elementor-element-0361fad intro elementor-widget elementor-widget-text-editor\" data-id=\"0361fad\" data-element_type=\"widget\" data-widget_type=\"text-editor.default\">\n\t\t\t\t<div class=\"elementor-widget-container\">\n\t\t\t\t\t\t\t\t\t<h2>Localizadores de tumbas<\/h2><p>Hay dos localizadores de tumbas disponibles para quienes deseen localizar una tumba existente. Nuestro departamento cuenta con nuestro <a href=\"https:\/\/la.cemkiosk.com\/search\" target=\"_blank\" rel=\"noopener\">localizador propio<\/a>, que buscar\u00e1 exclusivamente en nuestros cinco cementerios. Adem\u00e1s, hay <a href=\"https:\/\/www.cem.va.gov\/nationwide-gravesite-locator\/\" target=\"_blank\" rel=\"noopener\">un localizador<\/a> Proporcionado por el Departamento de Asuntos de Veteranos de EE. UU., que busca veteranos enterrados en todos los cementerios estatales y nacionales. Para localizar a veteranos que no est\u00e1n enterrados en un cementerio estatal o nacional, puede utilizar <a href=\"https:\/\/www.findagrave.com\/\" target=\"_blank\" rel=\"noopener\">Encuentra una tumba<\/a>.<\/p>\t\t\t\t\t\t\t\t<\/div>\n\t\t\t\t<\/div>\n\t\t\t\t<div class=\"elementor-element elementor-element-23651e3 intro elementor-widget elementor-widget-text-editor\" data-id=\"23651e3\" data-element_type=\"widget\" data-widget_type=\"text-editor.default\">\n\t\t\t\t<div class=\"elementor-widget-container\">\n\t\t\t\t\t\t\t\t\t<h2>Para m\u00e1s informaci\u00f3n<\/h2><p>Para obtener m\u00e1s informaci\u00f3n sobre las ofertas disponibles en cada cementerio y c\u00f3mo nuestro personal puede ayudar a su familia, seleccione la ubicaci\u00f3n del cementerio que le interesa en la parte superior de esta p\u00e1gina.<\/p>\t\t\t\t\t\t\t\t<\/div>\n\t\t\t\t<\/div>\n\t\t\t\t<div class=\"elementor-element elementor-element-c0877c7 intro elementor-widget elementor-widget-text-editor\" data-id=\"c0877c7\" data-element_type=\"widget\" data-widget_type=\"text-editor.default\">\n\t\t\t\t<div class=\"elementor-widget-container\">\n\t\t\t\t\t\t\t\t\t<h2>Informaci\u00f3n de cementerios no pertenecientes al LDVA<\/h2><p>Los miembros de la familia que deseen solicitar una l\u00e1pida o marcador de VA para un veterano enterrado en un cementerio privado deben comunicarse directamente con la funeraria que realiz\u00f3 el servicio o con el cementerio donde est\u00e1 enterrado el veterano.<\/p>\t\t\t\t\t\t\t\t<\/div>\n\t\t\t\t<\/div>\n\t\t\t\t\t<\/div>\n\t\t\t\t<\/div>\n\t\t\t\t<\/div>","protected":false},"excerpt":{"rendered":"<p>El Departamento de Asuntos de Veteranos de Luisiana ofrece un lugar de descanso final digno de honor. Cada cementerio est\u00e1 ubicado en todo el estado.<\/p>","protected":false},"author":7,"featured_media":0,"parent":0,"menu_order":0,"comment_status":"closed","ping_status":"closed","template":"","meta":{"_acf_changed":false,"footnotes":"","_links_to":"","_links_to_target":""},"class_list":["post-37","page","type-page","status-publish","hentry"],"acf":[],"_links":{"self":[{"href":"http:\/\/vetaffairs.la.gov\/es\/wp-json\/wp\/v2\/pages\/37","targetHints":{"allow":["GET"]}}],"collection":[{"href":"http:\/\/vetaffairs.la.gov\/es\/wp-json\/wp\/v2\/pages"}],"about":[{"href":"http:\/\/vetaffairs.la.gov\/es\/wp-json\/wp\/v2\/types\/page"}],"author":[{"embeddable":true,"href":"http:\/\/vetaffairs.la.gov\/es\/wp-json\/wp\/v2\/users\/7"}],"replies":[{"embeddable":true,"href":"http:\/\/vetaffairs.la.gov\/es\/wp-json\/wp\/v2\/comments?post=37"}],"version-history":[{"count":0,"href":"http:\/\/vetaffairs.la.gov\/es\/wp-json\/wp\/v2\/pages\/37\/revisions"}],"wp:attachment":[{"href":"http:\/\/vetaffairs.la.gov\/es\/wp-json\/wp\/v2\/media?parent=37"}],"curies":[{"name":"wp","href":"https:\/\/api.w.org\/{rel}","templated":true}]}}